{"id":1099,"date":"2024-10-19T06:17:39","date_gmt":"2024-10-19T06:17:39","guid":{"rendered":"https:\/\/macal.pt\/?page_id=1099"},"modified":"2025-06-25T09:42:12","modified_gmt":"2025-06-25T09:42:12","slug":"certificacoes","status":"publish","type":"page","link":"https:\/\/macal.pt\/en\/certificacoes\/","title":{"rendered":"Certifications"},"content":{"rendered":"<div data-elementor-type=\"wp-page\" data-elementor-id=\"1099\" class=\"elementor elementor-1099\">\n\t\t\t\t\t\t<section class=\"elementor-section elementor-top-section elementor-element elementor-element-31c09788 elementor-section-stretched elementor-section-boxed elementor-section-height-default elementor-section-height-default\" data-id=\"31c09788\" data-element_type=\"section\" data-e-type=\"section\" data-settings=\"{&quot;stretch_section&quot;:&quot;section-stretched&quot;,&quot;background_background&quot;:&quot;classic&quot;}\">\n\t\t\t\t\t\t<div class=\"elementor-container elementor-column-gap-no\">\n\t\t\t\t\t<div class=\"elementor-column elementor-col-50 elementor-top-column elementor-element elementor-element-7090f0a4\" data-id=\"7090f0a4\" data-element_type=\"column\" data-e-type=\"column\">\n\t\t\t<div class=\"elementor-widget-wrap elementor-element-populated\">\n\t\t\t\t\t\t<div class=\"elementor-element elementor-element-c1ad73c elementor-widget elementor-widget-corvex_h2_about_left\" data-id=\"c1ad73c\" data-element_type=\"widget\" data-e-type=\"widget\" data-widget_type=\"corvex_h2_about_left.default\">\n\t\t\t\t<div class=\"elementor-widget-container\">\n\t\t\t\t\t\t\t\t\t\n\t\t<!--Start About Style2 Area-->\n\t\t<section class=\"nosub about-style2-area\">\n\t\t\t<div class=\"container\">\n\t\t\t\t<div class=\"row\">\n\t\t\t\t\t<div class=\"col-xl-12 text-right-rtl\">\n\t\t\t\t\t\t<div class=\"about-style2-content-box\">\n\t\t\t\t\t\t\t\t\t\t\t\t\t\t<div class=\"sec-title\">\n\t\t\t\t\t\t\t\t<div class=\"sub-title\">\n\t\t\t\t\t\t\t\t\t<h4>About Corvex<\/h4><span class=\"right\"><\/span>\n\t\t\t\t\t\t\t\t<\/div>\n\t\t\t\t\t\t\t\t<h2>Guaranteed quality and excellence<\/h2>\n\t\t\t\t\t\t\t<\/div>\n\t\t\t\t\t\t\t\t\t\t\t\t\t\t<div class=\"inner-content\">\n\t\t\t\t\t\t\t\t<div class=\"text\">\n\t\t\t\t\t\t\t\t\t<p>At Macal, the quality of our products is our highest priority. The rigour and excellence of our work is reflected in every stage of the production and packaging process, and expressed in the trust our customers place in us.<\/p>\n\t\t\t\t\t\t\t\t\t<p>Consequently, all of our products undergo rigorous quality control processes to ensure that we adhere to the highest standards, in accordance with IFS Certification.This international standard proves compliance with food safety and quality requirements throughout the production and distribution chain.<\/p>\n\t\t\t\t\t\t\t\t<\/div>\n\t\t\t\t\t\t\t\t\t\t\t\t\t\t\t<\/div>   \n\t\t\t\t\t\t<\/div>\n\t\t\t\t\t<\/div>\n\t\t\t\t<\/div>\n\t\t\t<\/div> \n\t\t<\/section>\n\t\t<!--End About Style2 Area-->\n             \n\t\t\t\t\t\t<\/div>\n\t\t\t\t<\/div>\n\t\t\t\t\t<\/div>\n\t\t<\/div>\n\t\t\t\t<div class=\"elementor-column elementor-col-50 elementor-top-column elementor-element elementor-element-26b9a2c\" data-id=\"26b9a2c\" data-element_type=\"column\" data-e-type=\"column\">\n\t\t\t<div class=\"elementor-widget-wrap elementor-element-populated\">\n\t\t\t\t\t\t<div class=\"elementor-element elementor-element-a01009b elementor-widget elementor-widget-image\" data-id=\"a01009b\" data-element_type=\"widget\" data-e-type=\"widget\" data-widget_type=\"image.default\">\n\t\t\t\t<div class=\"elementor-widget-container\">\n\t\t\t\t\t\t\t\t\t\t\t\t\t\t\t<img fetchpriority=\"high\" decoding=\"async\" width=\"525\" height=\"350\" src=\"https:\/\/macal.pt\/wp-content\/uploads\/2024\/11\/certificacoes-1.jpg\" class=\"attachment-large size-large wp-image-1347\" alt=\"\" srcset=\"https:\/\/macal.pt\/wp-content\/uploads\/2024\/11\/certificacoes-1.jpg 724w, https:\/\/macal.pt\/wp-content\/uploads\/2024\/11\/certificacoes-1-300x200.jpg 300w, https:\/\/macal.pt\/wp-content\/uploads\/2024\/11\/certificacoes-1-18x12.jpg 18w, https:\/\/macal.pt\/wp-content\/uploads\/2024\/11\/certificacoes-1-600x400.jpg 600w\" sizes=\"(max-width: 525px) 100vw, 525px\" \/>\t\t\t\t\t\t\t\t\t\t\t\t\t\t\t<\/div>\n\t\t\t\t<\/div>\n\t\t\t\t\t<\/div>\n\t\t<\/div>\n\t\t\t\t\t<\/div>\n\t\t<\/section>\n\t\t\t\t<section class=\"elementor-section elementor-top-section elementor-element elementor-element-eeecf5b elementor-section-stretched elementor-reverse-tablet elementor-reverse-mobile elementor-section-boxed elementor-section-height-default elementor-section-height-default\" data-id=\"eeecf5b\" data-element_type=\"section\" data-e-type=\"section\" data-settings=\"{&quot;stretch_section&quot;:&quot;section-stretched&quot;,&quot;background_background&quot;:&quot;classic&quot;}\">\n\t\t\t\t\t\t<div class=\"elementor-container elementor-column-gap-no\">\n\t\t\t\t\t<div class=\"elementor-column elementor-col-50 elementor-top-column elementor-element elementor-element-75ddbc4\" data-id=\"75ddbc4\" data-element_type=\"column\" data-e-type=\"column\">\n\t\t\t<div class=\"elementor-widget-wrap elementor-element-populated\">\n\t\t\t\t\t\t<div class=\"elementor-element elementor-element-39d18d9 elementor-widget elementor-widget-image\" data-id=\"39d18d9\" data-element_type=\"widget\" data-e-type=\"widget\" data-widget_type=\"image.default\">\n\t\t\t\t<div class=\"elementor-widget-container\">\n\t\t\t\t\t\t\t\t\t\t\t\t\t\t\t<img decoding=\"async\" width=\"525\" height=\"350\" src=\"https:\/\/macal.pt\/wp-content\/uploads\/2024\/11\/certificacoes-3-1024x683.jpg\" class=\"attachment-large size-large wp-image-1349\" alt=\"\" srcset=\"https:\/\/macal.pt\/wp-content\/uploads\/2024\/11\/certificacoes-3-1024x683.jpg 1024w, https:\/\/macal.pt\/wp-content\/uploads\/2024\/11\/certificacoes-3-300x200.jpg 300w, https:\/\/macal.pt\/wp-content\/uploads\/2024\/11\/certificacoes-3-768x512.jpg 768w, https:\/\/macal.pt\/wp-content\/uploads\/2024\/11\/certificacoes-3-1536x1024.jpg 1536w, https:\/\/macal.pt\/wp-content\/uploads\/2024\/11\/certificacoes-3-18x12.jpg 18w, https:\/\/macal.pt\/wp-content\/uploads\/2024\/11\/certificacoes-3-600x400.jpg 600w, https:\/\/macal.pt\/wp-content\/uploads\/2024\/11\/certificacoes-3.jpg 1920w\" sizes=\"(max-width: 525px) 100vw, 525px\" \/>\t\t\t\t\t\t\t\t\t\t\t\t\t\t\t<\/div>\n\t\t\t\t<\/div>\n\t\t\t\t\t<\/div>\n\t\t<\/div>\n\t\t\t\t<div class=\"elementor-column elementor-col-50 elementor-top-column elementor-element elementor-element-65a91ad\" data-id=\"65a91ad\" data-element_type=\"column\" data-e-type=\"column\">\n\t\t\t<div class=\"elementor-widget-wrap elementor-element-populated\">\n\t\t\t\t\t\t<div class=\"elementor-element elementor-element-d41904b elementor-widget elementor-widget-heading\" data-id=\"d41904b\" data-element_type=\"widget\" data-e-type=\"widget\" data-widget_type=\"heading.default\">\n\t\t\t\t<div class=\"elementor-widget-container\">\n\t\t\t\t\t<h2 class=\"elementor-heading-title elementor-size-default\">Committed to Continuous Improvement<\/h2>\t\t\t\t<\/div>\n\t\t\t\t<\/div>\n\t\t\t\t<div class=\"elementor-element elementor-element-8262506 elementor-widget elementor-widget-text-editor\" data-id=\"8262506\" data-element_type=\"widget\" data-e-type=\"widget\" data-widget_type=\"text-editor.default\">\n\t\t\t\t<div class=\"elementor-widget-container\">\n\t\t\t\t\t\t\t\t\t<p>At Macal, we believe excellence is a continuous process. We are constantly reviewing and improving our quality systems, always with the goal of exceeding our customers\u2019 expectations and retaining the trust they have placed in us over the years.<\/p>\t\t\t\t\t\t\t\t<\/div>\n\t\t\t\t<\/div>\n\t\t\t\t\t<\/div>\n\t\t<\/div>\n\t\t\t\t\t<\/div>\n\t\t<\/section>\n\t\t\t\t<\/div>","protected":false},"excerpt":{"rendered":"<p>About Corvex Garantia de qualidade e excel\u00eancia Na Macal, a qualidade dos nossos produtos \u00e9 a nossa maior prioridade. O rigor e excel\u00eancia com que trabalhamos e que se refletem em cada etapa do processo de produ\u00e7\u00e3o e embalamento, traduzem-se na confian\u00e7a que os nossos clientes depositam em n\u00f3s. Por isso, todos os nossos produtos [&hellip;]<\/p>\n","protected":false},"author":1,"featured_media":0,"parent":0,"menu_order":0,"comment_status":"closed","ping_status":"closed","template":"tpl-default-elementor.php","meta":{"cos_headline_score":0,"cos_seo_score":0,"cos_headline_text":"Certifica\u00e7\u00f5es","cos_headline_has_been_analyzed":false,"cos_last_analyzed_headline":[],"footnotes":""},"class_list":["post-1099","page","type-page","status-publish","hentry"],"aioseo_notices":[],"_links":{"self":[{"href":"https:\/\/macal.pt\/en\/wp-json\/wp\/v2\/pages\/1099","targetHints":{"allow":["GET"]}}],"collection":[{"href":"https:\/\/macal.pt\/en\/wp-json\/wp\/v2\/pages"}],"about":[{"href":"https:\/\/macal.pt\/en\/wp-json\/wp\/v2\/types\/page"}],"author":[{"embeddable":true,"href":"https:\/\/macal.pt\/en\/wp-json\/wp\/v2\/users\/1"}],"replies":[{"embeddable":true,"href":"https:\/\/macal.pt\/en\/wp-json\/wp\/v2\/comments?post=1099"}],"version-history":[{"count":13,"href":"https:\/\/macal.pt\/en\/wp-json\/wp\/v2\/pages\/1099\/revisions"}],"predecessor-version":[{"id":1510,"href":"https:\/\/macal.pt\/en\/wp-json\/wp\/v2\/pages\/1099\/revisions\/1510"}],"wp:attachment":[{"href":"https:\/\/macal.pt\/en\/wp-json\/wp\/v2\/media?parent=1099"}],"curies":[{"name":"wp","href":"https:\/\/api.w.org\/{rel}","templated":true}]}}