{"id":25,"date":"2023-09-18T10:49:22","date_gmt":"2023-09-18T10:49:22","guid":{"rendered":"https:\/\/macal.pt\/loja\/"},"modified":"2025-12-16T16:16:54","modified_gmt":"2025-12-16T16:16:54","slug":"produtos","status":"publish","type":"page","link":"https:\/\/macal.pt\/en\/produtos\/","title":{"rendered":"Products"},"content":{"rendered":"<div data-elementor-type=\"wp-page\" data-elementor-id=\"25\" class=\"elementor elementor-25\">\n\t\t\t\t\t\t<section class=\"elementor-section elementor-top-section elementor-element elementor-element-d6d6cfd elementor-section-stretched elementor-section-boxed elementor-section-height-default elementor-section-height-default\" data-id=\"d6d6cfd\" data-element_type=\"section\" data-e-type=\"section\" data-settings=\"{&quot;stretch_section&quot;:&quot;section-stretched&quot;,&quot;background_background&quot;:&quot;classic&quot;}\">\n\t\t\t\t\t\t<div class=\"elementor-container elementor-column-gap-no\">\n\t\t\t\t\t<div class=\"elementor-column elementor-col-50 elementor-top-column elementor-element elementor-element-ab60f67\" data-id=\"ab60f67\" data-element_type=\"column\" data-e-type=\"column\">\n\t\t\t<div class=\"elementor-widget-wrap elementor-element-populated\">\n\t\t\t\t\t\t<div class=\"elementor-element elementor-element-09eb617 elementor-widget elementor-widget-corvex_h2_about_left\" data-id=\"09eb617\" data-element_type=\"widget\" data-e-type=\"widget\" data-widget_type=\"corvex_h2_about_left.default\">\n\t\t\t\t<div class=\"elementor-widget-container\">\n\t\t\t\t\t\t\t\t\t\n\t\t<!--Start About Style2 Area-->\n\t\t<section class=\"about-style2-area\">\n\t\t\t<div class=\"container\">\n\t\t\t\t<div class=\"row\">\n\t\t\t\t\t<div class=\"col-xl-12 text-right-rtl\">\n\t\t\t\t\t\t<div class=\"about-style2-content-box\">\n\t\t\t\t\t\t\t\t\t\t\t\t\t\t<div class=\"sec-title\">\n\t\t\t\t\t\t\t\t<div class=\"sub-title\">\n\t\t\t\t\t\t\t\t\t<h4>Products<\/h4><span class=\"right\"><\/span>\n\t\t\t\t\t\t\t\t<\/div>\n\t\t\t\t\t\t\t\t<h2>Flavours of Beira Baixa, passed from generation to generation<\/h2>\n\t\t\t\t\t\t\t<\/div>\n\t\t\t\t\t\t\t\t\t\t\t\t\t\t<div class=\"inner-content\">\n\t\t\t\t\t\t\t\t<div class=\"text\">\n\t\t\t\t\t\t\t\t\t<p>At Macal, every product is created with the utmost rigour and dedication, honouring almost six decades of know-how and respect for traditional methods.<\/p>\n\t\t\t\t\t\t\t\t\t<p>We offer a varied range of high-quality food products, produced with selected ingredients and a deep respect for Portuguese tradition.<\/p>\n\t\t\t\t\t\t\t\t<\/div>\n\t\t\t\t\t\t\t\t\t\t\t\t\t\t\t<\/div>   \n\t\t\t\t\t\t<\/div>\n\t\t\t\t\t<\/div>\n\t\t\t\t<\/div>\n\t\t\t<\/div> \n\t\t<\/section>\n\t\t<!--End About Style2 Area-->\n             \n\t\t\t\t\t\t<\/div>\n\t\t\t\t<\/div>\n\t\t\t\t\t<\/div>\n\t\t<\/div>\n\t\t\t\t<div class=\"elementor-column elementor-col-50 elementor-top-column elementor-element elementor-element-68a7968\" data-id=\"68a7968\" data-element_type=\"column\" data-e-type=\"column\">\n\t\t\t<div class=\"elementor-widget-wrap elementor-element-populated\">\n\t\t\t\t\t\t<div class=\"elementor-element elementor-element-746faf3 elementor-hidden-mobile elementor-widget elementor-widget-image\" data-id=\"746faf3\" data-element_type=\"widget\" data-e-type=\"widget\" data-widget_type=\"image.default\">\n\t\t\t\t<div class=\"elementor-widget-container\">\n\t\t\t\t\t\t\t\t\t\t\t\t\t\t\t<img decoding=\"async\" src=\"https:\/\/macal.pt\/wp-content\/uploads\/elementor\/thumbs\/produtos-4-qysd0w0ovogegu7ht84a96wv7w6a43a535mmro9z00.jpeg\" title=\"Cured meat platter of traditional tapas. Snacks food with ham, prosciutto, salami, chorizo sausage.\" alt=\"Cured meat platter of traditional tapas. Snacks food with ham, prosciutto, salami, chorizo sausage\" loading=\"lazy\" \/>\t\t\t\t\t\t\t\t\t\t\t\t\t\t\t<\/div>\n\t\t\t\t<\/div>\n\t\t\t\t\t<\/div>\n\t\t<\/div>\n\t\t\t\t\t<\/div>\n\t\t<\/section>\n\t\t\t\t<section class=\"elementor-section elementor-top-section elementor-element elementor-element-661181f elementor-section-stretched elementor-section-boxed elementor-section-height-default elementor-section-height-default\" data-id=\"661181f\" data-element_type=\"section\" data-e-type=\"section\" data-settings=\"{&quot;stretch_section&quot;:&quot;section-stretched&quot;,&quot;background_background&quot;:&quot;classic&quot;}\">\n\t\t\t\t\t\t<div class=\"elementor-container elementor-column-gap-no\">\n\t\t\t\t\t<div class=\"elementor-column elementor-col-50 elementor-top-column elementor-element elementor-element-ef6b329\" data-id=\"ef6b329\" data-element_type=\"column\" data-e-type=\"column\">\n\t\t\t<div class=\"elementor-widget-wrap elementor-element-populated\">\n\t\t\t\t\t\t<div class=\"elementor-element elementor-element-a9c4804 elementor-hidden-tablet elementor-hidden-mobile elementor-widget elementor-widget-image\" data-id=\"a9c4804\" data-element_type=\"widget\" data-e-type=\"widget\" data-widget_type=\"image.default\">\n\t\t\t\t<div class=\"elementor-widget-container\">\n\t\t\t\t\t\t\t\t\t\t\t\t\t\t\t<img decoding=\"async\" src=\"https:\/\/macal.pt\/wp-content\/uploads\/elementor\/thumbs\/produtos-2-qysd0wyj2ihosg64nqiwtoobta1nbsdvfaa48y8kts.jpeg\" title=\"slow motion salting of parma ham professional and traditional of the history and culture of genuine and healthy food\" alt=\"slow motion salting of parma ham professional and traditional of the history and culture of genuine and healthy food\" loading=\"lazy\" \/>\t\t\t\t\t\t\t\t\t\t\t\t\t\t\t<\/div>\n\t\t\t\t<\/div>\n\t\t\t\t\t<\/div>\n\t\t<\/div>\n\t\t\t\t<div class=\"elementor-column elementor-col-50 elementor-top-column elementor-element elementor-element-475f2c0\" data-id=\"475f2c0\" data-element_type=\"column\" data-e-type=\"column\">\n\t\t\t<div class=\"elementor-widget-wrap elementor-element-populated\">\n\t\t\t\t\t\t<div class=\"elementor-element elementor-element-7772733 elementor-widget elementor-widget-corvex_h2_about_left\" data-id=\"7772733\" data-element_type=\"widget\" data-e-type=\"widget\" data-widget_type=\"corvex_h2_about_left.default\">\n\t\t\t\t<div class=\"elementor-widget-container\">\n\t\t\t\t\t\t\t\t\t\n\t\t<!--Start About Style2 Area-->\n\t\t<section class=\"nosub about-style2-area\">\n\t\t\t<div class=\"container\">\n\t\t\t\t<div class=\"row\">\n\t\t\t\t\t<div class=\"col-xl-12 text-right-rtl\">\n\t\t\t\t\t\t<div class=\"about-style2-content-box\">\n\t\t\t\t\t\t\t\t\t\t\t\t\t\t<div class=\"sec-title\">\n\t\t\t\t\t\t\t\t<div class=\"sub-title\">\n\t\t\t\t\t\t\t\t\t<h4>Products<\/h4><span class=\"right\"><\/span>\n\t\t\t\t\t\t\t\t<\/div>\n\t\t\t\t\t\t\t\t<h2>We carefully choose our ingredients<\/h2>\n\t\t\t\t\t\t\t<\/div>\n\t\t\t\t\t\t\t\t\t\t\t\t\t\t<div class=\"inner-content\">\n\t\t\t\t\t\t\t\t<div class=\"text\">\n\t\t\t\t\t\t\t\t\t<p>Selection of the ingredients used for our products is done carefully and rigorously, since the taste of our cured and cooked meats, sausages, hams and cheeses depends on the basic elements we use to make them.<\/p>\n\t\t\t\t\t\t\t\t\t<p><\/p>\n\t\t\t\t\t\t\t\t<\/div>\n\t\t\t\t\t\t\t\t\t\t\t\t\t\t\t<\/div>   \n\t\t\t\t\t\t<\/div>\n\t\t\t\t\t<\/div>\n\t\t\t\t<\/div>\n\t\t\t<\/div> \n\t\t<\/section>\n\t\t<!--End About Style2 Area-->\n             \n\t\t\t\t\t\t<\/div>\n\t\t\t\t<\/div>\n\t\t\t\t\t<\/div>\n\t\t<\/div>\n\t\t\t\t\t<\/div>\n\t\t<\/section>\n\t\t\t\t<section class=\"elementor-section elementor-top-section elementor-element elementor-element-0cb9c2d elementor-section-stretched elementor-reverse-tablet elementor-reverse-mobile elementor-section-boxed elementor-section-height-default elementor-section-height-default\" data-id=\"0cb9c2d\" data-element_type=\"section\" data-e-type=\"section\" data-settings=\"{&quot;stretch_section&quot;:&quot;section-stretched&quot;,&quot;background_background&quot;:&quot;classic&quot;}\">\n\t\t\t\t\t\t<div class=\"elementor-container elementor-column-gap-no\">\n\t\t\t\t\t<div class=\"elementor-column elementor-col-50 elementor-top-column elementor-element elementor-element-02f46e9\" data-id=\"02f46e9\" data-element_type=\"column\" data-e-type=\"column\">\n\t\t\t<div class=\"elementor-widget-wrap elementor-element-populated\">\n\t\t\t\t\t\t<div class=\"elementor-element elementor-element-183a4d3 elementor-widget elementor-widget-corvex_h2_about_left\" data-id=\"183a4d3\" data-element_type=\"widget\" data-e-type=\"widget\" data-widget_type=\"corvex_h2_about_left.default\">\n\t\t\t\t<div class=\"elementor-widget-container\">\n\t\t\t\t\t\t\t\t\t\n\t\t<!--Start About Style2 Area-->\n\t\t<section class=\"nosub about-style2-area\">\n\t\t\t<div class=\"container\">\n\t\t\t\t<div class=\"row\">\n\t\t\t\t\t<div class=\"col-xl-12 text-right-rtl\">\n\t\t\t\t\t\t<div class=\"about-style2-content-box\">\n\t\t\t\t\t\t\t\t\t\t\t\t\t\t<div class=\"sec-title\">\n\t\t\t\t\t\t\t\t<div class=\"sub-title\">\n\t\t\t\t\t\t\t\t\t<h4>Products<\/h4><span class=\"right\"><\/span>\n\t\t\t\t\t\t\t\t<\/div>\n\t\t\t\t\t\t\t\t<h2>We are located at the best ham-curing hub on the Iberian Peninsula<\/h2>\n\t\t\t\t\t\t\t<\/div>\n\t\t\t\t\t\t\t\t\t\t\t\t\t\t<div class=\"inner-content\">\n\t\t\t\t\t\t\t\t<div class=\"text\">\n\t\t\t\t\t\t\t\t\t<p>Our location has an international reputation as one of the best areas for ham production and curing. \nAccordingly, the area where one of our facilities is situated is part of the most important ham-curing hub on the Iberian Peninsula.<\/p>\n\t\t\t\t\t\t\t\t\t<p><\/p>\n\t\t\t\t\t\t\t\t<\/div>\n\t\t\t\t\t\t\t\t\t\t\t\t\t\t\t<\/div>   \n\t\t\t\t\t\t<\/div>\n\t\t\t\t\t<\/div>\n\t\t\t\t<\/div>\n\t\t\t<\/div> \n\t\t<\/section>\n\t\t<!--End About Style2 Area-->\n             \n\t\t\t\t\t\t<\/div>\n\t\t\t\t<\/div>\n\t\t\t\t\t<\/div>\n\t\t<\/div>\n\t\t\t\t<div class=\"elementor-column elementor-col-50 elementor-top-column elementor-element elementor-element-cd56500\" data-id=\"cd56500\" data-element_type=\"column\" data-e-type=\"column\">\n\t\t\t<div class=\"elementor-widget-wrap elementor-element-populated\">\n\t\t\t\t\t\t<div class=\"elementor-element elementor-element-8370728 elementor-widget elementor-widget-image\" data-id=\"8370728\" data-element_type=\"widget\" data-e-type=\"widget\" data-widget_type=\"image.default\">\n\t\t\t\t<div class=\"elementor-widget-container\">\n\t\t\t\t\t\t\t\t\t\t\t\t\t\t\t<img decoding=\"async\" src=\"https:\/\/macal.pt\/wp-content\/uploads\/elementor\/thumbs\/Produto_penisicula-qysd0v2uouf4588uyppnop5emiawwe6er0z5aebd68.webp\" title=\"Produto_penisicula\" alt=\"Produto_penisicula\" loading=\"lazy\" \/>\t\t\t\t\t\t\t\t\t\t\t\t\t\t\t<\/div>\n\t\t\t\t<\/div>\n\t\t\t\t\t<\/div>\n\t\t<\/div>\n\t\t\t\t\t<\/div>\n\t\t<\/section>\n\t\t\t\t<section class=\"elementor-section elementor-top-section elementor-element elementor-element-661ba91 elementor-section-stretched elementor-section-boxed elementor-section-height-default elementor-section-height-default\" data-id=\"661ba91\" data-element_type=\"section\" data-e-type=\"section\" data-settings=\"{&quot;stretch_section&quot;:&quot;section-stretched&quot;,&quot;background_background&quot;:&quot;classic&quot;}\">\n\t\t\t\t\t\t<div class=\"elementor-container elementor-column-gap-no\">\n\t\t\t\t\t<div class=\"elementor-column elementor-col-50 elementor-top-column elementor-element elementor-element-8994041\" data-id=\"8994041\" data-element_type=\"column\" data-e-type=\"column\">\n\t\t\t<div class=\"elementor-widget-wrap elementor-element-populated\">\n\t\t\t\t\t\t<div class=\"elementor-element elementor-element-13e515f elementor-widget elementor-widget-image\" data-id=\"13e515f\" data-element_type=\"widget\" data-e-type=\"widget\" data-widget_type=\"image.default\">\n\t\t\t\t<div class=\"elementor-widget-container\">\n\t\t\t\t\t\t\t\t\t\t\t\t\t\t\t<img decoding=\"async\" src=\"https:\/\/macal.pt\/wp-content\/uploads\/elementor\/thumbs\/produtos-1-qysd0wyj2ihosg64nqiwtoobta1nbsdvfaa48y8kts.jpg\" title=\"male, man cheese maker businessman, individual entrepreneur, checks cheese in cellar, basement. cheese head ripens on wooden shelves, process of producing homemade. Touches\" alt=\"male, man cheese maker businessman, individual entrepreneur, checks cheese in cellar, basement. cheese head ripens on wooden shelves, process of producing homemade. Touches\" loading=\"lazy\" \/>\t\t\t\t\t\t\t\t\t\t\t\t\t\t\t<\/div>\n\t\t\t\t<\/div>\n\t\t\t\t\t<\/div>\n\t\t<\/div>\n\t\t\t\t<div class=\"elementor-column elementor-col-50 elementor-top-column elementor-element elementor-element-7111a9d\" data-id=\"7111a9d\" data-element_type=\"column\" data-e-type=\"column\">\n\t\t\t<div class=\"elementor-widget-wrap elementor-element-populated\">\n\t\t\t\t\t\t<div class=\"elementor-element elementor-element-5046106 elementor-widget elementor-widget-corvex_h2_about_left\" data-id=\"5046106\" data-element_type=\"widget\" data-e-type=\"widget\" data-widget_type=\"corvex_h2_about_left.default\">\n\t\t\t\t<div class=\"elementor-widget-container\">\n\t\t\t\t\t\t\t\t\t\n\t\t<!--Start About Style2 Area-->\n\t\t<section class=\"nosub about-style2-area\">\n\t\t\t<div class=\"container\">\n\t\t\t\t<div class=\"row\">\n\t\t\t\t\t<div class=\"col-xl-12 text-right-rtl\">\n\t\t\t\t\t\t<div class=\"about-style2-content-box\">\n\t\t\t\t\t\t\t\t\t\t\t\t\t\t<div class=\"sec-title\">\n\t\t\t\t\t\t\t\t<div class=\"sub-title\">\n\t\t\t\t\t\t\t\t\t<h4>Products<\/h4><span class=\"right\"><\/span>\n\t\t\t\t\t\t\t\t<\/div>\n\t\t\t\t\t\t\t\t<h2>Europe\u2019s best cheeses are made at Macal<\/h2>\n\t\t\t\t\t\t\t<\/div>\n\t\t\t\t\t\t\t\t\t\t\t\t\t\t<div class=\"inner-content\">\n\t\t\t\t\t\t\t\t<div class=\"text\">\n\t\t\t\t\t\t\t\t\t<p>Part of our Ma\u00e7\u00e3o facility is devoted exclusively to cheesemaking. Our modern slicing lines allow us to deliver products sliced and\/or grated to the high standards our customers expect.<\/p>\n\t\t\t\t\t\t\t\t\t<p><\/p>\n\t\t\t\t\t\t\t\t<\/div>\n\t\t\t\t\t\t\t\t\t\t\t\t\t\t\t<\/div>   \n\t\t\t\t\t\t<\/div>\n\t\t\t\t\t<\/div>\n\t\t\t\t<\/div>\n\t\t\t<\/div> \n\t\t<\/section>\n\t\t<!--End About Style2 Area-->\n             \n\t\t\t\t\t\t<\/div>\n\t\t\t\t<\/div>\n\t\t\t\t\t<\/div>\n\t\t<\/div>\n\t\t\t\t\t<\/div>\n\t\t<\/section>\n\t\t\t\t<section class=\"elementor-section elementor-top-section elementor-element elementor-element-094cf56 elementor-section-stretched elementor-section-boxed elementor-section-height-default elementor-section-height-default\" data-id=\"094cf56\" data-element_type=\"section\" data-e-type=\"section\" data-settings=\"{&quot;stretch_section&quot;:&quot;section-stretched&quot;,&quot;background_background&quot;:&quot;classic&quot;}\">\n\t\t\t\t\t\t<div class=\"elementor-container elementor-column-gap-no\">\n\t\t\t\t\t<div class=\"elementor-column elementor-col-50 elementor-top-column elementor-element elementor-element-19858e6\" data-id=\"19858e6\" data-element_type=\"column\" data-e-type=\"column\">\n\t\t\t<div class=\"elementor-widget-wrap elementor-element-populated\">\n\t\t\t\t<div class=\"elementor-element elementor-element-1c38df9 e-con-full e-flex e-con e-parent\" data-id=\"1c38df9\" data-element_type=\"container\" data-e-type=\"container\">\n\t\t<div class=\"elementor-element elementor-element-9d45196 e-con-full e-flex e-con e-child\" data-id=\"9d45196\" data-element_type=\"container\" data-e-type=\"container\">\n\t\t<div class=\"elementor-element elementor-element-9978271 e-con-full e-flex e-con e-child\" data-id=\"9978271\" data-element_type=\"container\" data-e-type=\"container\">\n\t\t\t\t<div class=\"elementor-element elementor-element-3be064e elementor-widget elementor-widget-image\" data-id=\"3be064e\" data-element_type=\"widget\" data-e-type=\"widget\" data-widget_type=\"image.default\">\n\t\t\t\t<div class=\"elementor-widget-container\">\n\t\t\t\t\t\t\t\t\t\t\t\t\t\t\t<img decoding=\"async\" src=\"https:\/\/macal.pt\/wp-content\/uploads\/elementor\/thumbs\/iStock-1328839750-qysd0wyhunp96g0e8tnqpltyrxu0o165jhoy3jrcso.jpg\" title=\"Cold meat plate, charcuterie &#8211; traditional Spanish tapas on a wooden board with bread and grape. Black background. Top view\" alt=\"Cold meat plate, charcuterie - traditional Spanish tapas on a wooden board with bread and grape. Black background. Top view.\" loading=\"lazy\" \/>\t\t\t\t\t\t\t\t\t\t\t\t\t\t\t<\/div>\n\t\t\t\t<\/div>\n\t\t\t\t<\/div>\n\t\t<div class=\"elementor-element elementor-element-448a41a e-con-full e-flex e-con e-child\" data-id=\"448a41a\" data-element_type=\"container\" data-e-type=\"container\">\n\t\t\t\t<div class=\"elementor-element elementor-element-aa60be2 elementor-widget elementor-widget-heading\" data-id=\"aa60be2\" data-element_type=\"widget\" data-e-type=\"widget\" data-widget_type=\"heading.default\">\n\t\t\t\t<div class=\"elementor-widget-container\">\n\t\t\t\t\t<h3 class=\"elementor-heading-title elementor-size-default\">Charcuterie<\/h3>\t\t\t\t<\/div>\n\t\t\t\t<\/div>\n\t\t\t\t<div class=\"elementor-element elementor-element-98770a2 elementor-widget elementor-widget-text-editor\" data-id=\"98770a2\" data-element_type=\"widget\" data-e-type=\"widget\" data-widget_type=\"text-editor.default\">\n\t\t\t\t<div class=\"elementor-widget-container\">\n\t\t\t\t\t\t\t\t\t<p>At Macal, we offer a wide range of charcuterie products for both the Horeca sector (restaurants and hospitality) and end consumers. Our products are available in various formats, including whole, sliced, cubed, and more. Contact us to find out which products we have available.<\/p>\t\t\t\t\t\t\t\t<\/div>\n\t\t\t\t<\/div>\n\t\t\t\t<\/div>\n\t\t\t\t<\/div>\n\t\t\t\t<\/div>\n\t\t\t\t\t<\/div>\n\t\t<\/div>\n\t\t\t\t<div class=\"elementor-column elementor-col-50 elementor-top-column elementor-element elementor-element-c46e84c\" data-id=\"c46e84c\" data-element_type=\"column\" data-e-type=\"column\">\n\t\t\t<div class=\"elementor-widget-wrap elementor-element-populated\">\n\t\t\t\t<div class=\"elementor-element elementor-element-10f6213 e-con-full e-flex e-con e-parent\" data-id=\"10f6213\" data-element_type=\"container\" data-e-type=\"container\">\n\t\t<div class=\"elementor-element elementor-element-4130e12 e-con-full e-flex e-con e-child\" data-id=\"4130e12\" data-element_type=\"container\" data-e-type=\"container\">\n\t\t<div class=\"elementor-element elementor-element-ae6a7bf e-con-full e-flex e-con e-child\" data-id=\"ae6a7bf\" data-element_type=\"container\" data-e-type=\"container\">\n\t\t\t\t<div class=\"elementor-element elementor-element-672ccb1 elementor-widget elementor-widget-image\" data-id=\"672ccb1\" data-element_type=\"widget\" data-e-type=\"widget\" data-widget_type=\"image.default\">\n\t\t\t\t<div class=\"elementor-widget-container\">\n\t\t\t\t\t\t\t\t\t\t\t\t\t\t\t<img decoding=\"async\" src=\"https:\/\/macal.pt\/wp-content\/uploads\/elementor\/thumbs\/macal_galeria_queijos-qysd0w0nntnxu06joibhpra05v1fw1gv2orkimh00m.webp\" title=\"macal_galeria_queijos\" alt=\"macal_galeria_queijos\" loading=\"lazy\" \/>\t\t\t\t\t\t\t\t\t\t\t\t\t\t\t<\/div>\n\t\t\t\t<\/div>\n\t\t\t\t<\/div>\n\t\t<div class=\"elementor-element elementor-element-58b2ad2 e-con-full e-flex e-con e-child\" data-id=\"58b2ad2\" data-element_type=\"container\" data-e-type=\"container\">\n\t\t\t\t<div class=\"elementor-element elementor-element-c04c49f elementor-widget elementor-widget-heading\" data-id=\"c04c49f\" data-element_type=\"widget\" data-e-type=\"widget\" data-widget_type=\"heading.default\">\n\t\t\t\t<div class=\"elementor-widget-container\">\n\t\t\t\t\t<h3 class=\"elementor-heading-title elementor-size-default\">Dairy Products<\/h3>\t\t\t\t<\/div>\n\t\t\t\t<\/div>\n\t\t\t\t<div class=\"elementor-element elementor-element-9e5e0c0 elementor-widget elementor-widget-text-editor\" data-id=\"9e5e0c0\" data-element_type=\"widget\" data-e-type=\"widget\" data-widget_type=\"text-editor.default\">\n\t\t\t\t<div class=\"elementor-widget-container\">\n\t\t\t\t\t\t\t\t\t<p>Trabalhamos atualmente com as linhas mais modernas de manuseamento de queijos, de diversos tipos entre mozzarella, edam, cheddar, flamengo, gouda, cabra, entre outros. Tal como a charcutaria, trabalhamos com diferentes formatos adaptados \u00e0s necessidades dos nossos clientes.<\/p>\t\t\t\t\t\t\t\t<\/div>\n\t\t\t\t<\/div>\n\t\t\t\t<\/div>\n\t\t\t\t<\/div>\n\t\t\t\t<\/div>\n\t\t\t\t\t<\/div>\n\t\t<\/div>\n\t\t\t\t\t<\/div>\n\t\t<\/section>\n\t\t\t\t<\/div>","protected":false},"excerpt":{"rendered":"<p>Produtos Sabores da Beira Baixa, que passam de gera\u00e7\u00e3o em gera\u00e7\u00e3o Na Macal, cada produto \u00e9 criado com o m\u00e1ximo rigor e dedica\u00e7\u00e3o, honrando quase seis d\u00e9cadas de saber-fazer e respeito pelos m\u00e9todos tradicionais. Oferecemos uma gama variada de produtos alimentares de alta qualidade, produzidos com ingredientes selecionados e um profundo respeito pela tradi\u00e7\u00e3o portuguesa. [&hellip;]<\/p>\n","protected":false},"author":1,"featured_media":0,"parent":0,"menu_order":0,"comment_status":"closed","ping_status":"closed","template":"elementor_header_footer","meta":{"cos_headline_score":0,"cos_seo_score":0,"cos_headline_text":"Produtos","cos_headline_has_been_analyzed":false,"cos_last_analyzed_headline":[],"footnotes":""},"class_list":["post-25","page","type-page","status-publish","hentry"],"aioseo_notices":[],"_links":{"self":[{"href":"https:\/\/macal.pt\/en\/wp-json\/wp\/v2\/pages\/25","targetHints":{"allow":["GET"]}}],"collection":[{"href":"https:\/\/macal.pt\/en\/wp-json\/wp\/v2\/pages"}],"about":[{"href":"https:\/\/macal.pt\/en\/wp-json\/wp\/v2\/types\/page"}],"author":[{"embeddable":true,"href":"https:\/\/macal.pt\/en\/wp-json\/wp\/v2\/users\/1"}],"replies":[{"embeddable":true,"href":"https:\/\/macal.pt\/en\/wp-json\/wp\/v2\/comments?post=25"}],"version-history":[{"count":87,"href":"https:\/\/macal.pt\/en\/wp-json\/wp\/v2\/pages\/25\/revisions"}],"predecessor-version":[{"id":1764,"href":"https:\/\/macal.pt\/en\/wp-json\/wp\/v2\/pages\/25\/revisions\/1764"}],"wp:attachment":[{"href":"https:\/\/macal.pt\/en\/wp-json\/wp\/v2\/media?parent=25"}],"curies":[{"name":"wp","href":"https:\/\/api.w.org\/{rel}","templated":true}]}}