{"id":464,"date":"2021-02-13T05:04:26","date_gmt":"2021-02-13T05:04:26","guid":{"rendered":"http:\/\/z.commonsupport.com\/corvex\/?page_id=464"},"modified":"2024-12-06T09:15:53","modified_gmt":"2024-12-06T09:15:53","slug":"contactos","status":"publish","type":"page","link":"https:\/\/macal.pt\/en\/contactos\/","title":{"rendered":"Contacts"},"content":{"rendered":"<div data-elementor-type=\"wp-page\" data-elementor-id=\"464\" class=\"elementor elementor-464\">\n\t\t\t\t<div class=\"elementor-element elementor-element-a29de78 e-flex e-con-boxed e-con e-parent\" data-id=\"a29de78\" data-element_type=\"container\" data-e-type=\"container\">\n\t\t\t\t\t<div class=\"e-con-inner\">\n\t\t\t\t<div class=\"elementor-element elementor-element-e8dabec elementor-widget__width-initial elementor-widget elementor-widget-heading\" data-id=\"e8dabec\" data-element_type=\"widget\" data-e-type=\"widget\" data-widget_type=\"heading.default\">\n\t\t\t\t<div class=\"elementor-widget-container\">\n\t\t\t\t\t<h3 class=\"elementor-heading-title elementor-size-default\">- contact us -<\/h3>\t\t\t\t<\/div>\n\t\t\t\t<\/div>\n\t\t\t\t<div class=\"elementor-element elementor-element-aac1c63 elementor-widget__width-initial elementor-widget elementor-widget-heading\" data-id=\"aac1c63\" data-element_type=\"widget\" data-e-type=\"widget\" data-widget_type=\"heading.default\">\n\t\t\t\t<div class=\"elementor-widget-container\">\n\t\t\t\t\t<h2 class=\"elementor-heading-title elementor-size-default\">At Macal, we try to answer all your questions.<\/h2>\t\t\t\t<\/div>\n\t\t\t\t<\/div>\n\t\t\t\t<div class=\"elementor-element elementor-element-8d1ae2d elementor-widget__width-initial elementor-widget elementor-widget-text-editor\" data-id=\"8d1ae2d\" data-element_type=\"widget\" data-e-type=\"widget\" data-widget_type=\"text-editor.default\">\n\t\t\t\t<div class=\"elementor-widget-container\">\n\t\t\t\t\t\t\t\t\t<p>If you would like more information about how to become our partner, complete the form below and we will provide feedback as soon as possible.\u00a0<\/p>\t\t\t\t\t\t\t\t<\/div>\n\t\t\t\t<\/div>\n\t\t\t\t\t<\/div>\n\t\t\t\t<\/div>\n\t\t\t\t<section class=\"elementor-section elementor-top-section elementor-element elementor-element-23c59fa2 elementor-section-stretched elementor-section-full_width elementor-section-height-default elementor-section-height-default\" data-id=\"23c59fa2\" data-element_type=\"section\" data-e-type=\"section\" data-settings=\"{&quot;stretch_section&quot;:&quot;section-stretched&quot;}\">\n\t\t\t\t\t\t<div class=\"elementor-container elementor-column-gap-no\">\n\t\t\t\t\t<div class=\"elementor-column elementor-col-100 elementor-top-column elementor-element elementor-element-41acdf0a\" data-id=\"41acdf0a\" data-element_type=\"column\" data-e-type=\"column\">\n\t\t\t<div class=\"elementor-widget-wrap elementor-element-populated\">\n\t\t\t\t\t\t<div class=\"elementor-element elementor-element-10cf3e9c elementor-widget elementor-widget-corvex_contact_form\" data-id=\"10cf3e9c\" data-element_type=\"widget\" data-e-type=\"widget\" data-widget_type=\"corvex_contact_form.default\">\n\t\t\t\t<div class=\"elementor-widget-container\">\n\t\t\t\t\t        \n\t\t<!--Start Contact Form Area-->\n\t\t<section class=\"contact-form-area\">\n\t\t\t\t\n\t\t\t\t<div class=\"shape1 noimage\">\n\t\t\t\t\t\t\t<\/div>\n\t\t\t\t\n\t\t\t\t<div class=\"shape2 noimage\">\n\t\t\t\t\t\t\t<\/div>\n\t\t\t<div class=\"container\">\n\t\t\t\t<div class=\"row\">\n\t\t\t\t\t<div class=\"col-xl-12\">\n\t\t\t\t\t\t<div class=\"contact-form-outer-box clearfix\">\n\t\t\t\t\t\t\t<!--Start Contact Inner Box-->\n\t\t\t\t\t\t\t<div class=\"contact-inner-box clearfix\">\n\t\t\t\t\t\t\t\t<div class=\"contact-form\">\n\t\t\t\t\t\t\t\t\t<div class=\"title text-center\">\n\t\t\t\t\t\t\t\t\t\t<h2><\/h2>  \n\t\t\t\t\t\t\t\t\t<\/div>\n\t\t\t\t\t\t\t\t\t\n<div class=\"wpcf7 no-js\" id=\"wpcf7-f474-o1\" lang=\"en-US\" dir=\"ltr\" data-wpcf7-id=\"474\">\n<div class=\"screen-reader-response\"><p role=\"status\" aria-live=\"polite\" aria-atomic=\"true\"><\/p> <ul><\/ul><\/div>\n<form action=\"\/en\/wp-json\/wp\/v2\/pages\/464#wpcf7-f474-o1\" method=\"post\" class=\"wpcf7-form init\" aria-label=\"Contact form\" novalidate=\"novalidate\" data-status=\"init\" data-trp-original-action=\"\/en\/wp-json\/wp\/v2\/pages\/464#wpcf7-f474-o1\">\n<fieldset class=\"hidden-fields-container\"><input type=\"hidden\" name=\"_wpcf7\" value=\"474\" \/><input type=\"hidden\" name=\"_wpcf7_version\" value=\"6.1.5\" \/><input type=\"hidden\" name=\"_wpcf7_locale\" value=\"en_US\" \/><input type=\"hidden\" name=\"_wpcf7_unit_tag\" value=\"wpcf7-f474-o1\" \/><input type=\"hidden\" name=\"_wpcf7_container_post\" value=\"0\" \/><input type=\"hidden\" name=\"_wpcf7_posted_data_hash\" value=\"\" \/><input type=\"hidden\" name=\"_wpcf7_recaptcha_response\" value=\"\" \/>\n<\/fieldset>\n<div class=\"default-form2\">\n\t<div class=\"row\">\n\t\t<div class=\"col-xl-6\">\n\t\t\t<div class=\"input-box\">\n\t\t\t\t<p><span class=\"wpcf7-form-control-wrap\" data-name=\"nome\"><input size=\"40\" maxlength=\"400\" class=\"wpcf7-form-control wpcf7-text wpcf7-validates-as-required\" aria-required=\"true\" aria-invalid=\"false\" placeholder=\"Name\" value=\"\" type=\"text\" name=\"nome\" \/><\/span>\n\t\t\t\t<\/p>\n\t\t\t<\/div>\n\t\t\t<div class=\"input-box\">\n\t\t\t\t<p><span class=\"wpcf7-form-control-wrap\" data-name=\"telemovel\"><input size=\"40\" maxlength=\"400\" class=\"wpcf7-form-control wpcf7-text wpcf7-validates-as-required\" aria-required=\"true\" aria-invalid=\"false\" placeholder=\"Phone number\" value=\"\" type=\"text\" name=\"telemovel\" \/><\/span>\n\t\t\t\t<\/p>\n\t\t\t<\/div>\n\t\t<\/div>\n\t\t<div class=\"col-xl-6\">\n\t\t\t<div class=\"input-box\">\n\t\t\t\t<p><span class=\"wpcf7-form-control-wrap\" data-name=\"your-email\"><input size=\"40\" maxlength=\"400\" class=\"wpcf7-form-control wpcf7-email wpcf7-validates-as-required wpcf7-text wpcf7-validates-as-email\" aria-required=\"true\" aria-invalid=\"false\" placeholder=\"Email\" value=\"\" type=\"email\" name=\"your-email\" \/><\/span>\n\t\t\t\t<\/p>\n\t\t\t<\/div>\n\t\t\t<div class=\"input-box\">\n\t\t\t\t<p><span class=\"wpcf7-form-control-wrap\" data-name=\"assunto\"><input size=\"40\" maxlength=\"400\" class=\"wpcf7-form-control wpcf7-text wpcf7-validates-as-required\" aria-required=\"true\" aria-invalid=\"false\" placeholder=\"Subject\" value=\"\" type=\"text\" name=\"assunto\" \/><\/span>\n\t\t\t\t<\/p>\n\t\t\t<\/div>\n\t\t<\/div>\n\t<\/div>\n\t<div class=\"row\">\n\t\t<div class=\"col-xl-12\">\n\t\t\t<div class=\"input-box\">\n\t\t\t\t<p><span class=\"wpcf7-form-control-wrap\" data-name=\"mensagem\"><textarea cols=\"40\" rows=\"10\" maxlength=\"2000\" class=\"wpcf7-form-control wpcf7-textarea wpcf7-validates-as-required\" aria-required=\"true\" aria-invalid=\"false\" placeholder=\"Message\" name=\"mensagem\"><\/textarea><\/span>\n\t\t\t\t<\/p>\n\t\t\t<\/div>\n\t\t\t<div class=\"button-box text-center\">\n\t\t\t\t<p><input id=\"form_botcheck\" name=\"form_botcheck\" class=\"form-control\" type=\"hidden\" value=\"\" \/><span class=\"wpcf7-form-control-wrap\" data-name=\"consent\"><span class=\"wpcf7-form-control wpcf7-acceptance optional\"><span class=\"wpcf7-list-item\"><label><input type=\"checkbox\" name=\"consent\" value=\"1\" aria-invalid=\"false\" \/><span class=\"wpcf7-list-item-label\">Aceito a recolha e tratamento dos meus dados pessoais para efeitos de marketing. (opcional)<\/span><\/label><\/span><\/span><\/span>\n\t\t\t\t<\/p>\n\t\t\t\t<p><button class=\"btn-one style2\" type=\"submit\" data-loading-text=\"Aguarde...\"><span class=\"txt\">Send<\/span><\/button>\n\t\t\t\t<\/p>\n\t\t\t<\/div>\n\t\t<\/div>\n\t<\/div>\n<\/div><div class=\"wpcf7-response-output\" aria-hidden=\"true\"><\/div>\n<input type=\"hidden\" name=\"trp-form-language\" value=\"en\"\/><\/form>\n<\/div>\n\t\t\t\t\t\t\t\t\t\n\t\t\t\t\t\t\t\t<\/div>\n\t\t\t\t\t\t\t\t\n\t\t\t\t\t\t\t<\/div>\n\t\t\t\t\t\t\t<!--End Contact Inner Box-->\n\t\t\t\t\t\t<\/div>   \n\t\t\t\t\t<\/div>\n\t\t\t\t<\/div>\n\t\t\t\t\n\t\t\t<\/div>\n\t\t<\/section>\n\t\t<!--End Contact Form Area-->\n             \n\t\t\t\t\t\t<\/div>\n\t\t\t\t<\/div>\n\t\t\t\t\t<\/div>\n\t\t<\/div>\n\t\t\t\t\t<\/div>\n\t\t<\/section>\n\t\t<div class=\"elementor-element elementor-element-9b95ecd e-flex e-con-boxed e-con e-parent\" data-id=\"9b95ecd\" data-element_type=\"container\" data-e-type=\"container\">\n\t\t\t\t\t<div class=\"e-con-inner\">\n\t\t\t\t<div class=\"elementor-element elementor-element-5e1ed4c elementor-widget elementor-widget-image\" data-id=\"5e1ed4c\" data-element_type=\"widget\" data-e-type=\"widget\" data-widget_type=\"image.default\">\n\t\t\t\t<div class=\"elementor-widget-container\">\n\t\t\t\t\t\t\t\t\t\t\t\t\t\t\t<img decoding=\"async\" src=\"https:\/\/macal.pt\/wp-content\/uploads\/elementor\/thumbs\/macal_contacto_recrutamento-qysd0wyo8geci2sgkxbhmou2o7rxe4ysz727yzu0tg.webp\" title=\"macal_contacto_recrutamento\" alt=\"macal_contacto_recrutamento\" loading=\"lazy\" \/>\t\t\t\t\t\t\t\t\t\t\t\t\t\t\t<\/div>\n\t\t\t\t<\/div>\n\t\t\t\t\t<\/div>\n\t\t\t\t<\/div>\n\t\t<div class=\"elementor-element elementor-element-c3885be e-flex e-con-boxed e-con e-parent\" data-id=\"c3885be\" data-element_type=\"container\" data-e-type=\"container\" id=\"recrutamento\">\n\t\t\t\t\t<div class=\"e-con-inner\">\n\t\t\t\t<div class=\"elementor-element elementor-element-5c46ac7 elementor-widget__width-initial elementor-widget elementor-widget-heading\" data-id=\"5c46ac7\" data-element_type=\"widget\" data-e-type=\"widget\" data-widget_type=\"heading.default\">\n\t\t\t\t<div class=\"elementor-widget-container\">\n\t\t\t\t\t<h3 class=\"elementor-heading-title elementor-size-default\">- recruitment -<\/h3>\t\t\t\t<\/div>\n\t\t\t\t<\/div>\n\t\t\t\t<div class=\"elementor-element elementor-element-0f70799 elementor-widget__width-initial elementor-widget elementor-widget-heading\" data-id=\"0f70799\" data-element_type=\"widget\" data-e-type=\"widget\" data-widget_type=\"heading.default\">\n\t\t\t\t<div class=\"elementor-widget-container\">\n\t\t\t\t\t<h2 class=\"elementor-heading-title elementor-size-default\">If you\u2019re looking for a fresh professional challenge and would like to become part of the Macal family, send us your spontaneous application.<\/h2>\t\t\t\t<\/div>\n\t\t\t\t<\/div>\n\t\t\t\t<div class=\"elementor-element elementor-element-8403203 elementor-widget elementor-widget-corvex_contact_form\" data-id=\"8403203\" data-element_type=\"widget\" data-e-type=\"widget\" data-widget_type=\"corvex_contact_form.default\">\n\t\t\t\t<div class=\"elementor-widget-container\">\n\t\t\t\t\t        \n\t\t<!--Start Contact Form Area-->\n\t\t<section class=\"contact-form-area\">\n\t\t\t\t\n\t\t\t\t<div class=\"shape1 noimage\">\n\t\t\t\t\t\t\t<\/div>\n\t\t\t\t\n\t\t\t\t<div class=\"shape2 noimage\">\n\t\t\t\t\t\t\t<\/div>\n\t\t\t<div class=\"container\">\n\t\t\t\t<div class=\"row\">\n\t\t\t\t\t<div class=\"col-xl-12\">\n\t\t\t\t\t\t<div class=\"contact-form-outer-box clearfix\">\n\t\t\t\t\t\t\t<!--Start Contact Inner Box-->\n\t\t\t\t\t\t\t<div class=\"contact-inner-box clearfix\">\n\t\t\t\t\t\t\t\t<div class=\"contact-form\">\n\t\t\t\t\t\t\t\t\t<div class=\"title text-center\">\n\t\t\t\t\t\t\t\t\t\t<h2><\/h2>  \n\t\t\t\t\t\t\t\t\t<\/div>\n\t\t\t\t\t\t\t\t\t\n<div class=\"wpcf7 no-js\" id=\"wpcf7-f1631-o2\" lang=\"en-US\" dir=\"ltr\" data-wpcf7-id=\"1631\">\n<div class=\"screen-reader-response\"><p role=\"status\" aria-live=\"polite\" aria-atomic=\"true\"><\/p> <ul><\/ul><\/div>\n<form action=\"\/en\/wp-json\/wp\/v2\/pages\/464#wpcf7-f1631-o2\" method=\"post\" class=\"wpcf7-form init\" aria-label=\"Contact form\" enctype=\"multipart\/form-data\" novalidate=\"novalidate\" data-status=\"init\" data-trp-original-action=\"\/en\/wp-json\/wp\/v2\/pages\/464#wpcf7-f1631-o2\">\n<fieldset class=\"hidden-fields-container\"><input type=\"hidden\" name=\"_wpcf7\" value=\"1631\" \/><input type=\"hidden\" name=\"_wpcf7_version\" value=\"6.1.5\" \/><input type=\"hidden\" name=\"_wpcf7_locale\" value=\"en_US\" \/><input type=\"hidden\" name=\"_wpcf7_unit_tag\" value=\"wpcf7-f1631-o2\" \/><input type=\"hidden\" name=\"_wpcf7_container_post\" value=\"0\" \/><input type=\"hidden\" name=\"_wpcf7_posted_data_hash\" value=\"\" \/><input type=\"hidden\" name=\"_wpcf7_recaptcha_response\" value=\"\" \/>\n<\/fieldset>\n<div class=\"default-form2\">\n\t<div class=\"row\">\n\t\t<div class=\"col-xl-6\">\n\t\t\t<div class=\"input-box\">\n\t\t\t\t<p><span class=\"wpcf7-form-control-wrap\" data-name=\"nome\"><input size=\"40\" maxlength=\"400\" class=\"wpcf7-form-control wpcf7-text wpcf7-validates-as-required\" aria-required=\"true\" aria-invalid=\"false\" placeholder=\"Name\" value=\"\" type=\"text\" name=\"nome\" \/><\/span>\n\t\t\t\t<\/p>\n\t\t\t<\/div>\n\t\t\t<div class=\"input-box\">\n\t\t\t\t<p><span class=\"wpcf7-form-control-wrap\" data-name=\"telemovel\"><input size=\"40\" maxlength=\"400\" class=\"wpcf7-form-control wpcf7-text wpcf7-validates-as-required\" aria-required=\"true\" aria-invalid=\"false\" placeholder=\"Phone number\" value=\"\" type=\"text\" name=\"telemovel\" \/><\/span>\n\t\t\t\t<\/p>\n\t\t\t<\/div>\n\t\t<\/div>\n\t\t<div class=\"col-xl-6\">\n\t\t\t<div class=\"input-box\">\n\t\t\t\t<p><span class=\"wpcf7-form-control-wrap\" data-name=\"your-email\"><input size=\"40\" maxlength=\"400\" class=\"wpcf7-form-control wpcf7-email wpcf7-validates-as-required wpcf7-text wpcf7-validates-as-email\" aria-required=\"true\" aria-invalid=\"false\" placeholder=\"Email\" value=\"\" type=\"email\" name=\"your-email\" \/><\/span>\n\t\t\t\t<\/p>\n\t\t\t<\/div>\n\t\t\t<div class=\"input-box\">\n\t\t\t\t<p><span class=\"wpcf7-form-control-wrap\" data-name=\"assunto\"><input size=\"40\" maxlength=\"400\" class=\"wpcf7-form-control wpcf7-text wpcf7-validates-as-required\" aria-required=\"true\" aria-invalid=\"false\" placeholder=\"Subject\" value=\"\" type=\"text\" name=\"assunto\" \/><\/span>\n\t\t\t\t<\/p>\n\t\t\t<\/div>\n\t\t<\/div>\n\t<\/div>\n\t<div class=\"row\">\n\t\t<div class=\"col-xl-12\">\n\t\t\t<div class=\"input-box\">\n\t\t\t\t<p><span class=\"wpcf7-form-control-wrap\" data-name=\"mensagem\"><textarea cols=\"40\" rows=\"10\" maxlength=\"2000\" class=\"wpcf7-form-control wpcf7-textarea wpcf7-validates-as-required\" aria-required=\"true\" aria-invalid=\"false\" placeholder=\"Message\" name=\"mensagem\"><\/textarea><\/span>\n\t\t\t\t<\/p>\n\t\t\t<\/div>\n\t\t\t<div class=\"input-box\">\n\t\t\t\t<p>CV em formato PDF (15mb m\u00e1x.opcional)\n\t\t\t\t<\/p>\n\t\t\t\t<p><span class=\"wpcf7-form-control-wrap\" data-name=\"your-pdf\"><input size=\"40\" class=\"wpcf7-form-control wpcf7-file\" accept=\".pdf\" aria-invalid=\"false\" type=\"file\" name=\"your-pdf\" \/><\/span>\n\t\t\t\t<\/p>\n\t\t\t<\/div>\n\t\t\t<p><span class=\"wpcf7-form-control-wrap\" data-name=\"consent\"><span class=\"wpcf7-form-control wpcf7-acceptance optional\"><span class=\"wpcf7-list-item\"><label><input type=\"checkbox\" name=\"consent\" value=\"1\" aria-invalid=\"false\" \/><span class=\"wpcf7-list-item-label\">Aceito a recolha e tratamento dos meus dados pessoais para efeitos de marketing. (opcional)<\/span><\/label><\/span><\/span><\/span>\n\t\t\t<\/p>\n\t\t\t<div class=\"button-box text-center\">\n\t\t\t\t<p><input id=\"form_botcheck\" name=\"form_botcheck\" class=\"form-control\" type=\"hidden\" value=\"\" \/><button class=\"btn-one style2\" type=\"submit\" data-loading-text=\"Aguarde...\"><span class=\"txt\">Send<\/span><\/button>\n\t\t\t\t<\/p>\n\t\t\t<\/div>\n\t\t<\/div>\n\t<\/div>\n<\/div><div class=\"wpcf7-response-output\" aria-hidden=\"true\"><\/div>\n<input type=\"hidden\" name=\"trp-form-language\" value=\"en\"\/><\/form>\n<\/div>\n\t\t\t\t\t\t\t\t\t\n\t\t\t\t\t\t\t\t<\/div>\n\t\t\t\t\t\t\t\t\n\t\t\t\t\t\t\t<\/div>\n\t\t\t\t\t\t\t<!--End Contact Inner Box-->\n\t\t\t\t\t\t<\/div>   \n\t\t\t\t\t<\/div>\n\t\t\t\t<\/div>\n\t\t\t\t\n\t\t\t<\/div>\n\t\t<\/section>\n\t\t<!--End Contact Form Area-->\n             \n\t\t\t\t\t\t<\/div>\n\t\t\t\t<\/div>\n\t\t\t\t\t<\/div>\n\t\t\t\t<\/div>\n\t\t<div class=\"elementor-element elementor-element-fa1ffd1 e-flex e-con-boxed e-con e-parent\" data-id=\"fa1ffd1\" data-element_type=\"container\" data-e-type=\"container\">\n\t\t\t\t\t<div class=\"e-con-inner\">\n\t\t\t\t<div class=\"elementor-element elementor-element-6e2a704 elementor-widget elementor-widget-shortcode\" data-id=\"6e2a704\" data-element_type=\"widget\" data-e-type=\"widget\" data-widget_type=\"shortcode.default\">\n\t\t\t\t<div class=\"elementor-widget-container\">\n\t\t\t\t\t\t\t<div class=\"elementor-shortcode\"><div id=\"wpgmza_map\" class=\"wpgmza_map\" data-settings='{\"id\":\"1\",\"map_title\":\"Mapa Macal\",\"map_width\":\"100\",\"map_height\":\"400\",\"map_start_lat\":\"39.17166959107094\",\"map_start_lng\":\"-8.569041371530243\",\"map_start_location\":\"45.950464398418106,-109.81550500000003\",\"map_start_zoom\":\"8\",\"default_marker\":\"\",\"type\":\"1\",\"alignment\":\"4\",\"directions_enabled\":\"0\",\"styling_enabled\":\"0\",\"styling_json\":\"\",\"active\":\"0\",\"kml\":\"\",\"bicycle\":\"0\",\"traffic\":\"0\",\"dbox\":\"0\",\"dbox_width\":\"\",\"listmarkers\":\"0\",\"listmarkers_advanced\":\"0\",\"filterbycat\":\"0\",\"ugm_enabled\":\"0\",\"ugm_category_enabled\":\"0\",\"fusion\":\"\",\"map_width_type\":\"%\",\"map_height_type\":\"px\",\"mass_marker_support\":\"0\",\"ugm_access\":\"0\",\"order_markers_by\":\"0\",\"order_markers_choice\":\"0\",\"show_user_location\":\"0\",\"default_to\":\"\",\"other_settings\":{\"map_type\":1,\"sl_stroke_color\":\"\",\"sl_fill_color\":\"\",\"sl_stroke_opacity\":\"\",\"sl_fill_opacity\":\"\",\"transport_layer\":false,\"action\":\"wpgmza_save_map\",\"redirect_to\":\"\\\/dev\\\/wp-admin\\\/admin-post.php\",\"map_id\":\"1\",\"http_referer\":\"\\\/dev\\\/wp-admin\\\/admin.php?page=wp-google-maps-menu&amp;amp;action=edit&amp;amp;map_id=1\",\"wpgmza_id\":\"1\",\"wpgmza_start_location\":\"39.17166959107094,-8.569041371530243\",\"wpgmza_start_zoom\":\"8\",\"wpgmza_theme_data\":\"\",\"store_locator_enabled\":false,\"store_locator_search_area\":\"radial\",\"wpgmza_store_locator_radius_style\":\"legacy\",\"wpgmza_store_locator_default_radius\":\"10\",\"store_locator_auto_area_max_zoom\":\"\",\"store_locator_distance\":false,\"wpgmza_store_locator_position\":false,\"store_locator_show_distance\":false,\"store_locator_category\":false,\"wpgmza_store_locator_use_their_location\":false,\"wpgmza_store_locator_bounce\":false,\"wpgmza_sl_animation\":null,\"wpgmza_store_locator_hide_before_search\":false,\"store_locator_query_string\":\"\",\"store_locator_location_placeholder\":\"\",\"store_locator_default_address\":\"\",\"store_locator_name_search\":false,\"store_locator_name_string\":\"\",\"store_locator_not_found_message\":\"\",\"wpgmza_map_align\":\"1\",\"jump_to_nearest_marker_on_initialization\":false,\"automatically_pan_to_users_location\":false,\"override_users_location_zoom_level\":false,\"override_users_location_zoom_levels\":\"\",\"show_distance_from_location\":false,\"map_max_zoom\":\"21\",\"map_min_zoom\":\"0\",\"click_open_link\":false,\"fit_maps_bounds_to_markers\":false,\"fit_maps_bounds_to_markers_after_filtering\":false,\"hide_point_of_interest\":false,\"wpgmza_zoom_on_marker_click\":false,\"wpgmza_zoom_on_marker_click_slider\":\"\",\"close_infowindow_on_map_click\":false,\"disable_lightbox_images\":false,\"use_Raw_Jpeg_Coordinates\":false,\"polygon_labels\":false,\"disable_polygon_info_windows\":false,\"enable_marker_ratings\":false,\"enable_marker_labels\":false,\"only_load_markers_within_viewport\":false,\"zoom_level_mobile_override_enabled\":false,\"zoom_level_mobile_override\":\"\",\"iw_primary_color\":\"#000000\",\"iw_accent_color\":\"#000000\",\"iw_text_color\":\"#000000\",\"wpgmza_listmarkers_by\":\"0\",\"wpgmza_marker_listing_position\":false,\"wpgmza_push_in_map\":false,\"wpgmza_push_in_map_placement\":null,\"wpgmza_push_in_map_width\":\"\",\"wpgmza_push_in_map_height\":\"\",\"zoom_level_on_marker_listing_override\":false,\"zoom_level_on_marker_listing_click\":\"\",\"marker_listing_disable_zoom\":false,\"datatable_no_result_message\":\"\",\"remove_search_box_datables\":false,\"dataTable_pagination_style\":null,\"datatable_search_string\":\"\",\"datatable_result_start\":\"\",\"datatable_result_of\":\"\",\"datatable_result_to\":\"\",\"datatable_result_total\":\"\",\"datatable_result_show\":\"\",\"datatable_result_entries\":\"\",\"wpgmza_savemap\":\"Salvar o mapa \\u00bb\"}}' data-map-id='1' data-maps-engine='google-maps' data-shortcode-attributes='{\"id\":\"1\"}' style=\"display:block; overflow:auto; width:100%; height:400px; float:left;\"><\/div><\/div>\n\t\t\t\t\t\t<\/div>\n\t\t\t\t<\/div>\n\t\t\t\t\t<\/div>\n\t\t\t\t<\/div>\n\t\t\t\t<\/div>","protected":false},"excerpt":{"rendered":"<p>&#8211; entre contacto connosco &#8211; Na Macal procuramos responder a todas as suas quest\u00f5es. Se pretende mais informa\u00e7\u00f5es sobre como tornar-se nosso parceiro, preencha o formul\u00e1rio abaixo, ao qual daremos feedback com a maior brevidade poss\u00edvel.\u00a0 Enviar &#8211; recrutamento &#8211; Se procura um novo desafio profissional e pretende fazer parte da fam\u00edlia Macal, envie-nos a [&hellip;]<\/p>\n","protected":false},"author":1,"featured_media":0,"parent":0,"menu_order":0,"comment_status":"closed","ping_status":"closed","template":"tpl-default-elementor.php","meta":{"cos_headline_score":0,"cos_seo_score":0,"cos_headline_text":"","cos_headline_has_been_analyzed":false,"cos_last_analyzed_headline":[],"footnotes":""},"class_list":["post-464","page","type-page","status-publish","hentry"],"aioseo_notices":[],"_links":{"self":[{"href":"https:\/\/macal.pt\/en\/wp-json\/wp\/v2\/pages\/464","targetHints":{"allow":["GET"]}}],"collection":[{"href":"https:\/\/macal.pt\/en\/wp-json\/wp\/v2\/pages"}],"about":[{"href":"https:\/\/macal.pt\/en\/wp-json\/wp\/v2\/types\/page"}],"author":[{"embeddable":true,"href":"https:\/\/macal.pt\/en\/wp-json\/wp\/v2\/users\/1"}],"replies":[{"embeddable":true,"href":"https:\/\/macal.pt\/en\/wp-json\/wp\/v2\/comments?post=464"}],"version-history":[{"count":48,"href":"https:\/\/macal.pt\/en\/wp-json\/wp\/v2\/pages\/464\/revisions"}],"predecessor-version":[{"id":1634,"href":"https:\/\/macal.pt\/en\/wp-json\/wp\/v2\/pages\/464\/revisions\/1634"}],"wp:attachment":[{"href":"https:\/\/macal.pt\/en\/wp-json\/wp\/v2\/media?parent=464"}],"curies":[{"name":"wp","href":"https:\/\/api.w.org\/{rel}","templated":true}]}}